{"id":732,"date":"2012-02-18T14:06:16","date_gmt":"2012-02-18T14:06:16","guid":{"rendered":"https:\/\/siebensinne.eu\/?page_id=732"},"modified":"2012-11-13T11:17:53","modified_gmt":"2012-11-13T11:17:53","slug":"muskelsinn-und-entwicklung","status":"publish","type":"page","link":"https:\/\/siebensinne.eu\/?page_id=732","title":{"rendered":"MUSKELSINN und Entwicklung"},"content":{"rendered":"<p><span style=\"color: #800000;\"><strong>Kinder lernen mit allen Sinnen. Von Anfang an. Und in den ersten beiden Jahren finden die meisten Speicherprozesse statt.<\/strong><\/span><\/p>\n<p><span style=\"color: #800000;\"><strong>Kaum jemand, der mit Kindern zu tun hat, hat das nicht irgendwann einmal in den letzten Jahren geh\u00f6rt.<\/strong><\/span><\/p>\n<p><span style=\"color: #800000;\"><strong>Was wir unter &#8222;lernen&#8220; und &#8222;Sinneswahrnehmungen&#8220; verstehen, pr\u00e4gt nun unser Verhalten bei der Entwicklungsbegleitung von Kindern.\u00a0 Viel m\u00fcssen wir Erwachsenen eigentlich nicht dazu beitragen, dass <a title=\"Theoretische Grundlagen\" href=\"https:\/\/siebensinne.eu\/?page_id=842\">&#8222;Sensorische Integration&#8220; <\/a>&#8211; das Zusammenwirken der einzelnen Sinne und die geordnete Speicherung im Gehirn &#8211; stattfindet. Unter gesunden Bedingungen geschieht dies ganz von allein. Eigentlich m\u00fcssten wir nur vor unseren Kindern sitzen, sehen was sie tun und ihnen fasziniert zujubeln.<\/strong><\/span><\/p>\n<p><strong><span style=\"color: #800000;\">Bei der Sensorischen Integration nimmt der MUSKELSINN eine zentrale Rolle ein. Die Bewegung des Kindes ist Sinneswahrnehmung. Nicht im Sinne von Fortbewegung = Hinbewegung zum wahrzunehmenden Objekt. Durch die gesp\u00fcrte Muskelspannung und die gesp\u00fcrte Gelenkstellung bekommt das Gehirn unz\u00e4hlige Informationen.\u00a0 Z. B. \u00fcber Objektgr\u00f6\u00dfen und -formen, Entfernungen und Richtungen. Vieles, was wir Erwachsene mit den Augen zu sehen glauben, ist in Wirklichkeit das Ergebnis von Verarbeitungsprozessen im Gehirn, die entscheidend mit dem MUSKELSINN zusammenh\u00e4ngen!<\/span><\/strong><\/p>\n<p><strong><span style=\"color: #800000;\">Diese Art von Sinneswahrnehmung durch Bewegung beginnt bereits im Mutterleib. Insbesondere die Babyzeit ist von gr\u00f6\u00dfter Bedeutung f\u00fcr diese Art der Wahrnehmung. Das Zusammenspiel zwischen Gleichgewichts- und MUSKELSINN\u00a0 wird ab Tag 0 des Kindes in kleinen Schritten ausgebildet. In der Fachsprache &#8222;Haltungshintergrund&#8220; genannt, bildet es die solide Grundlage f\u00fcr alle<strong> Alltagshandlungen inklusive der schulischen Leistungen. <\/strong><br \/>\n<\/span><\/strong><\/p>\n<p><span style=\"color: #800000;\"><strong>Vieles, was Kleinkinder ganz von sich aus mit Hingabe tun ist Lernen und Vorbereitung auf die Schule und das Leben, denn sie arbeiten an der Sensorischen Integration und bilden eine solide Grundlage f\u00fcr h\u00f6here Leistungen. Wenn Erwachsene erkennen, welche Entwicklungsleistung Kinder von ganz alleine und mit viel Freude erbringen, k\u00f6nnen sie sie sorglos ohne Leistungsdruck gew\u00e4hren lassen.<\/strong><\/span><\/p>\n<p><span style=\"color: #800000;\"><a title=\"Kinder nehmen anders wahr\" href=\"https:\/\/siebensinne.eu\/?page_id=480\"><span style=\"color: #800000;\"><strong><span style=\"color: #800000;\">Kinder nehmen anders wahr<\/span><\/strong><\/span><\/a><\/span><\/p>\n<p><strong><a title=\"Material\" href=\"https:\/\/siebensinne.eu\/?page_id=759\"><span style=\"color: #800000;\">Material<\/span><\/a><\/strong><\/p>\n<p><a title=\"ALLE Sinne machen mit\" href=\"https:\/\/siebensinne.eu\/?page_id=1167\"><strong><span style=\"color: #800000;\">ALLE Sinne machen mit<\/span><\/strong><\/a><\/p>\n<p>&nbsp;<\/p>\n<p>&nbsp;<\/p>\n<p><a title=\"HOME\" href=\"https:\/\/siebensinne.eu\/\">HOME<\/a><\/p>\n<p>&nbsp;<\/p>\n<p>&nbsp;<\/p>\n","protected":false},"excerpt":{"rendered":"<p>Kinder lernen mit allen Sinnen. Von Anfang an. Und in den ersten beiden Jahren finden die meisten Speicherprozesse statt. Kaum jemand, der mit Kindern zu tun hat, hat das nicht irgendwann einmal in den letzten Jahren geh\u00f6rt. Was wir unter &#8222;lernen&#8220; und &#8222;Sinneswahrnehmungen&#8220; verstehen, pr\u00e4gt nun unser Verhalten bei der Entwicklungsbegleitung von Kindern.\u00a0 Viel m\u00fcssen [&hellip;]<\/p>\n","protected":false},"author":2,"featured_media":0,"parent":0,"menu_order":1,"comment_status":"closed","ping_status":"closed","template":"","meta":[],"_links":{"self":[{"href":"https:\/\/siebensinne.eu\/index.php?rest_route=\/wp\/v2\/pages\/732"}],"collection":[{"href":"https:\/\/siebensinne.eu\/index.php?rest_route=\/wp\/v2\/pages"}],"about":[{"href":"https:\/\/siebensinne.eu\/index.php?rest_route=\/wp\/v2\/types\/page"}],"author":[{"embeddable":true,"href":"https:\/\/siebensinne.eu\/index.php?rest_route=\/wp\/v2\/users\/2"}],"replies":[{"embeddable":true,"href":"https:\/\/siebensinne.eu\/index.php?rest_route=%2Fwp%2Fv2%2Fcomments&post=732"}],"version-history":[{"count":18,"href":"https:\/\/siebensinne.eu\/index.php?rest_route=\/wp\/v2\/pages\/732\/revisions"}],"predecessor-version":[{"id":840,"href":"https:\/\/siebensinne.eu\/index.php?rest_route=\/wp\/v2\/pages\/732\/revisions\/840"}],"wp:attachment":[{"href":"https:\/\/siebensinne.eu\/index.php?rest_route=%2Fwp%2Fv2%2Fmedia&parent=732"}],"curies":[{"name":"wp","href":"https:\/\/api.w.org\/{rel}","templated":true}]}}