{"id":560,"date":"2012-02-18T13:59:27","date_gmt":"2012-02-18T13:59:27","guid":{"rendered":"https:\/\/siebensinne.eu\/?page_id=560"},"modified":"2012-11-13T08:45:53","modified_gmt":"2012-11-13T08:45:53","slug":"warum-7-sinne","status":"publish","type":"page","link":"https:\/\/siebensinne.eu\/?page_id=560","title":{"rendered":"Warum 7 Sinne?"},"content":{"rendered":"<h4><span style=\"color: #800000;\"><strong>Warum 7 Sinne?<\/strong><\/span><\/h4>\n<h2><span style=\"color: #800000;\"><strong>Gibt es wirklich 7 Sinne?<\/strong><\/span><\/h2>\n<p><span style=\"color: #800000;\"><strong> Diese Frage l\u00e4sst sich nicht beantworten, denn wieviele Sinne dem Menschen zugeschrieben werden, h\u00e4ngt von der Definition und Kategorisierung sprachlicher Begriffe ab. Je nachdem, wen Sie fragen, haben wir Menschen weniger oder viel mehr als sieben Sinne. Hier auf diesen Seiten sind die Sinne des Menschen gemeint, die anatomisch vorhandene Sinnesorgane haben. Diese Sinnesorgane registrieren Reize. Informationen \u00fcber diese Reize werden \u00fcber Nervenbahnen an das Gehirn weitergeleitet. Dort werden sie weiter verarbeitet. Selbst nach dieser Definition ergeben sich aber unterschiedliche Zahlen, denn unsere Sinne arbeiten sehr eng zusammen. Verschiedene Sinne werden in manchen Arbeitsbereichen als so untrennbar angesehen, dass sie zusammengefasst werden, woraus sich h\u00e4ufig auch eine Kategorisierung in 6 Sinne ergibt. Andersherum kann man die bekannten und anatomisch nachweisbaren Sinne noch weiter unterteilen, woraus sich eine viel h\u00f6here Zahl erg\u00e4be.<\/strong><\/span><br \/>\n<strong><span style=\"color: #800000;\">Im Zusammenhang mit Kindesentwicklung und Lebenspraxis, hat sich die Kategorisierung in 7 Sinne etabliert. Deshalb hier 7 Sinne.<\/span><\/strong><\/p>\n<p>&nbsp;<\/p>\n<p><strong><span style=\"color: #800000;\">Und f\u00fcr wen es interessiert noch ein bi\u00dfchen zur Geschichte und zum Nutzen der Kenntnis aller 7 Sinne:<\/span><\/strong><\/p>\n<p><span style=\"color: #800000;\"><strong>Aristoteles hat 300-und-einige Jahre v. Chr. f\u00fcnf Sinne entdeckt, und dachte, das war&#8217;s. Im Laufe des 19. Jahrhunderts wurden zwei weitere entdeckt und erforscht : Der Gleichgewichtssinn und der MUSKELSINN. Und dabei scheint es bis heute geblieben zu sein: Es gibt f\u00fcnf, und f\u00fcr diejenigen, die es aus irgendwelchen wichtigen Gr\u00fcnden genauer wissen m\u00fcssen, gibt es noch zwei Weitere.<\/strong><\/span><\/p>\n<p><span style=\"color: #800000;\"><strong>Warum die zwei weiteren nur f\u00fcr bestimmte Bev\u00f6lkerungs- oder besser: Berufsgruppen zu kennen relevant sein soll, hat sich mir bislang nicht erschlossen. Ganz im Gegenteil!<\/strong><\/span><strong> <\/strong><strong><span style=\"color: #800000;\">Zumindest f\u00fcr alle, die mit Kindern zu tun haben, sollte es wichtig sein, alle Sinne zu kennen: Achten Sie einmal darauf, wie oft Sie insbesondere in Werbetexten die Wendung \u201emit <em>ALLEN<\/em> Sinnen\u201c lesen. Damit wird geworben, weil in den letzten Jahren immer deutlicher geworden ist, wie wichtig \u201eLernen mit allen Sinnen von Anfang an\u201c insbesondere f\u00fcr die Kindesentwicklung ist. Ob diese ALLE Sinne allgemein bekannt sind, interessiert wiederum Werbetexter weniger.<\/span><\/strong><\/p>\n<p><strong><span style=\"color: #800000;\">Warum gerade die <em>nicht<\/em> bekannten besonders f\u00fcr die Kindesentwicklung so sehr wichtig sind, werden Sie erkennen, wenn Sie <a title=\"der MUSKELSINN\" href=\"https:\/\/siebensinne.eu\/?page_id=684\">den MUSKELSINN<\/a> erforscht haben.<\/span><\/strong><\/p>\n<p><strong><span style=\"color: #800000;\">Ich bin Ergotherapeutin. Was immer Sie sich darunter vorstellen: Ergotherapeutinnen sind darin ausgebildet und ge\u00fcbt, Alltagshandlungen zu analysieren. Wir sehen einer Handlung an, was in ihr steckt! Und als\u00a0 Ergotherapeutin geh\u00f6rt man zu einer der (wenigen!) Berufsgruppen, die sich mit 7 Sinnen auskennen. Und man hat gute Chancen eine Reihe Menschen kennenzulernen, deren nicht so bekannte Sinnessysteme nicht ganz gesund funktionieren. Vor allem aber kann man eine Menge Verwirrung und Leid erleben, wenn Menschen mit anderen Menschen zusammenleben, die eine Schw\u00e4che in einem Sinnessystem haben, welches keinem von Ihnen bekannt ist.<\/span><\/strong><\/p>\n<p><strong><span style=\"color: #800000;\">Stellen Sie sich vor, sie leben mit einem Kurzsichtigen zusammen, der sich entsprechend seiner Kurzsichtigkeit anders verh\u00e4lt als Sie selbst und die meisten anderen Menschen, die sie kennen. Nun wissen aber weder Sie, noch der Kurzsichtige selbst, dass es Augen gibt, wof\u00fcr sie gut sind, und dass sie auch in ihrer Funktion eingeschr\u00e4nkt sein k\u00f6nnen. Schwer vorstellbar. Was vermutlich passieren w\u00fcrde: Sie w\u00fcrden nach Ihrem Informationsstand, der das Thema &#8222;Augen&#8220; nicht beinhaltet, nach Erkl\u00e4rungen f\u00fcr sein merkw\u00fcrdiges Verhalten suchen &#8211; und ihrem Lebensgef\u00e4hrten nie gerecht werden!<\/span><\/strong><\/p>\n<p><strong><span style=\"color: #800000;\">Nehmen Sie sich etwas Zeit, und spinnen Sie diesen Faden weiter&#8230;denken Sie daran, wie oft dieser Mensch Dinge umsto\u00dfen oder anrempeln w\u00fcrde, wie oft er Dinge \u00fcbersehen w\u00fcrde, wie langsam er h\u00e4ufig w\u00e4re, wieviel schneller er erm\u00fcden w\u00fcrde usw. W\u00fc\u00dften Sie nichts \u00fcber Augen, vielleicht w\u00fcrden Sie denken, er sei ungeschickt, unachtsam, faul oder nicht aufmerksam genug. Was w\u00fcrde das wiederum f\u00fcr Ihr Verhalten ihm gegen\u00fcber bedeuten? Was f\u00fcr Ihre Beziehung&#8230;<br \/>\n<\/span><\/strong><\/p>\n<p><strong><span style=\"color: #800000;\">&#8230;dann betrifft das wohl nur die, die eine St\u00f6rung haben? Nein! Denn wie erw\u00e4hnt, ben\u00f6tigen vor allem Babys und Kinder f\u00fcr eine gesunde Entwicklung verwertbare Informationen aus ALLEN Sinneskan\u00e4len. Die Grenzen zwischen normaler Entwicklung, Auff\u00e4lligkeiten, St\u00f6rungen und Behinderung sind flie\u00dfend. Gesunde Babys und Kinder haben ein feines Gesp\u00fcr daf\u00fcr, welche Sinneserfahrungen sie gerade ben\u00f6tigen und &#8222;therapieren&#8220; ihre ganz normalen Schw\u00e4chen h\u00e4ufig ganz alleine. Nur m\u00fcssen wir sie lassen. <\/span><\/strong><\/p>\n<p><strong><span style=\"color: #800000;\">Lassen Sie auch den MUSKELSINN mitmachen wann immer es m\u00f6glich ist!<\/span><\/strong><\/p>\n<p><strong><span style=\"color: #800000;\">Hierzu mehr unter: <a title=\"ALLE Sinne machen mit\" href=\"https:\/\/siebensinne.eu\/?page_id=1167\">ALLE Sinne machen mit<\/a><br \/>\n<\/span><\/strong><\/p>\n<p><strong><span style=\"color: #800000;\"><a title=\"HOME\" href=\"https:\/\/siebensinne.eu\/\">HOME<\/a><br \/>\n<\/span><\/strong><\/p>\n<p>&nbsp;<\/p>\n<p>&nbsp;<\/p>\n<p>&nbsp;<\/p>\n","protected":false},"excerpt":{"rendered":"<p>Warum 7 Sinne? Gibt es wirklich 7 Sinne? Diese Frage l\u00e4sst sich nicht beantworten, denn wieviele Sinne dem Menschen zugeschrieben werden, h\u00e4ngt von der Definition und Kategorisierung sprachlicher Begriffe ab. Je nachdem, wen Sie fragen, haben wir Menschen weniger oder viel mehr als sieben Sinne. Hier auf diesen Seiten sind die Sinne des Menschen gemeint, [&hellip;]<\/p>\n","protected":false},"author":2,"featured_media":0,"parent":0,"menu_order":2,"comment_status":"closed","ping_status":"closed","template":"","meta":[],"_links":{"self":[{"href":"https:\/\/siebensinne.eu\/index.php?rest_route=\/wp\/v2\/pages\/560"}],"collection":[{"href":"https:\/\/siebensinne.eu\/index.php?rest_route=\/wp\/v2\/pages"}],"about":[{"href":"https:\/\/siebensinne.eu\/index.php?rest_route=\/wp\/v2\/types\/page"}],"author":[{"embeddable":true,"href":"https:\/\/siebensinne.eu\/index.php?rest_route=\/wp\/v2\/users\/2"}],"replies":[{"embeddable":true,"href":"https:\/\/siebensinne.eu\/index.php?rest_route=%2Fwp%2Fv2%2Fcomments&post=560"}],"version-history":[{"count":60,"href":"https:\/\/siebensinne.eu\/index.php?rest_route=\/wp\/v2\/pages\/560\/revisions"}],"predecessor-version":[{"id":1692,"href":"https:\/\/siebensinne.eu\/index.php?rest_route=\/wp\/v2\/pages\/560\/revisions\/1692"}],"wp:attachment":[{"href":"https:\/\/siebensinne.eu\/index.php?rest_route=%2Fwp%2Fv2%2Fmedia&parent=560"}],"curies":[{"name":"wp","href":"https:\/\/api.w.org\/{rel}","templated":true}]}}