{"id":480,"date":"2012-02-01T09:05:52","date_gmt":"2012-02-01T09:05:52","guid":{"rendered":"https:\/\/siebensinne.eu\/?page_id=480"},"modified":"2012-09-11T08:58:39","modified_gmt":"2012-09-11T08:58:39","slug":"kinder-nehmen-anders-wahr","status":"publish","type":"page","link":"https:\/\/siebensinne.eu\/?page_id=480","title":{"rendered":"Kinder nehmen anders wahr"},"content":{"rendered":"<h1><span style=\"color: #800000;\">Kinder nehmen anders wahr<\/span><\/h1>\n<p><a href=\"http:\/\/siebensinne.eu\/wp-content\/uploads\/2012\/02\/sehen-schwer-Kopie3.jpg\"><img loading=\"lazy\" class=\"aligncenter size-large wp-image-1195\" title=\"sehen schwer Kopie\" src=\"http:\/\/siebensinne.eu\/wp-content\/uploads\/2012\/02\/sehen-schwer-Kopie3-1024x513.jpg\" alt=\"\" width=\"630\" height=\"315\" srcset=\"https:\/\/siebensinne.eu\/wp-content\/uploads\/2012\/02\/sehen-schwer-Kopie3-1024x513.jpg 1024w, https:\/\/siebensinne.eu\/wp-content\/uploads\/2012\/02\/sehen-schwer-Kopie3-300x150.jpg 300w, https:\/\/siebensinne.eu\/wp-content\/uploads\/2012\/02\/sehen-schwer-Kopie3.jpg 1574w\" sizes=\"(max-width: 630px) 100vw, 630px\" \/><\/a><strong><span style=\"color: #800000;\">So geht es Kindern immer: Alles, was sie noch nicht (gut genug) kennen, m\u00fcssen sie erst mit allen 7 Sinnen aufnehmen, im Gehirn speichern und verkn\u00fcpfen. Sie nehmen Informationen \u00fcber einen Gegenstand oder ein Lebewesen auf, die man eigentlich nicht sehen kann: Der MUSKELSINN registriert Form, Gr\u00f6\u00dfe, Konsistenz und Gewicht, sowie Funktionseigen<\/span><\/strong><strong><span style=\"color: #800000;\">schaften wie auf- und zuklappen oder L\u00f6cher und \u00d6ffnungen. Die Haut gibt Auskunft \u00fcber Oberfl\u00e4chenbeschaffenheit und Temperatur. <\/span><\/strong><br \/>\n<strong><span style=\"color: #800000;\">Wie sich etwas anh\u00f6rt, erf\u00e4hrt das Kind z.B. durch sch\u00fctteln oder auch durch das Schlagen auf den Tisch oder das Fallenlassen auf den Boden. Geschmack und Geruch werden erforscht. W\u00e4hrend der Gegenstand gleichzeitig betrachtet wird, werden alle gesammelten Informationen mit dem Aussehen des Gegenstandes verkn\u00fcpft. Der Gleichgewichts- sinn bildet zusammen mit dem MUSKELSINN die Grundlage f\u00fcr all diese Aktivit\u00e4ten. Wer ausreichend auf solche Weise forscht, kann viele Eigenschaften der Dinge, die uns umgeben, sehen oder auch durch Ger\u00e4usche erkennen, also h\u00f6ren.<\/span><\/strong><br \/>\n<strong><span style=\"color: #800000;\">Das ist sehr praktisch, denn so k\u00f6nnen wir Vieles schon aus der Ferne durch sehen und h\u00f6ren beurteilen und m\u00fcssen es nicht mehr aus der N\u00e4he genau erforschen.<\/span><\/strong><br \/>\n<strong><span style=\"color: #800000;\">So werden wir immer unabh\u00e4ngiger von unseren sogenannten \u201eNahsinnen\u201c und Voraussetzungen f\u00fcr abstraktes Denken und Lernen sind geschaffen.<\/span><\/strong><\/p>\n<h3><span style=\"color: #800000;\">Weitere Kapitel finden Sie auf der <a title=\"Material\" href=\"https:\/\/siebensinne.eu\/?page_id=759\"><span style=\"color: #800000;\">A1-Schautafel zum MUSKELSINN<\/span><\/a><\/span><\/h3>\n<p><a title=\"HOME\" href=\"https:\/\/siebensinne.eu\/\">HOME<\/a><\/p>\n","protected":false},"excerpt":{"rendered":"<p>Kinder nehmen anders wahr So geht es Kindern immer: Alles, was sie noch nicht (gut genug) kennen, m\u00fcssen sie erst mit allen 7 Sinnen aufnehmen, im Gehirn speichern und verkn\u00fcpfen. Sie nehmen Informationen \u00fcber einen Gegenstand oder ein Lebewesen auf, die man eigentlich nicht sehen kann: Der MUSKELSINN registriert Form, Gr\u00f6\u00dfe, Konsistenz und Gewicht, sowie [&hellip;]<\/p>\n","protected":false},"author":2,"featured_media":0,"parent":230,"menu_order":7,"comment_status":"closed","ping_status":"open","template":"","meta":[],"_links":{"self":[{"href":"https:\/\/siebensinne.eu\/index.php?rest_route=\/wp\/v2\/pages\/480"}],"collection":[{"href":"https:\/\/siebensinne.eu\/index.php?rest_route=\/wp\/v2\/pages"}],"about":[{"href":"https:\/\/siebensinne.eu\/index.php?rest_route=\/wp\/v2\/types\/page"}],"author":[{"embeddable":true,"href":"https:\/\/siebensinne.eu\/index.php?rest_route=\/wp\/v2\/users\/2"}],"replies":[{"embeddable":true,"href":"https:\/\/siebensinne.eu\/index.php?rest_route=%2Fwp%2Fv2%2Fcomments&post=480"}],"version-history":[{"count":16,"href":"https:\/\/siebensinne.eu\/index.php?rest_route=\/wp\/v2\/pages\/480\/revisions"}],"predecessor-version":[{"id":1640,"href":"https:\/\/siebensinne.eu\/index.php?rest_route=\/wp\/v2\/pages\/480\/revisions\/1640"}],"up":[{"embeddable":true,"href":"https:\/\/siebensinne.eu\/index.php?rest_route=\/wp\/v2\/pages\/230"}],"wp:attachment":[{"href":"https:\/\/siebensinne.eu\/index.php?rest_route=%2Fwp%2Fv2%2Fmedia&parent=480"}],"curies":[{"name":"wp","href":"https:\/\/api.w.org\/{rel}","templated":true}]}}