{"id":2195,"date":"2018-06-25T19:06:57","date_gmt":"2018-06-25T19:06:57","guid":{"rendered":"https:\/\/siebensinne.eu\/?page_id=2195"},"modified":"2025-07-09T18:17:01","modified_gmt":"2025-07-09T18:17:01","slug":"under-construction","status":"publish","type":"page","link":"https:\/\/siebensinne.eu\/","title":{"rendered":"HOME"},"content":{"rendered":"<p style=\"text-align: center;\">Antje Dangschat<\/p>\n<p style=\"text-align: center;\">\n<p style=\"text-align: center;\">Ergotherapeutin, systemische Beraterin (SG)<\/p>\n<p style=\"text-align: center;\">Projektkoordinatorin bei der Heilp\u00e4dagogischen Hilfe Osnabr\u00fcck<\/p>\n<p style=\"text-align: center;\">freie Referentin f\u00fcr Wahrnehmung, Bewegung, Gesundheits- und Selbstf\u00fcrsorge, Achtsamkeit<\/p>\n<p style=\"text-align: center;\">Licensed Nia Blackbelt Teacher<\/p>\n<p style=\"text-align: center;\">0176 \u2013 206 75 709<\/p>\n<p style=\"text-align: center;\"><a href=\"https:\/\/siebensinne.eu\/?page_id=2362\">Vita<\/a><\/p>\n","protected":false},"excerpt":{"rendered":"<p>Antje Dangschat Ergotherapeutin, systemische Beraterin (SG) Projektkoordinatorin bei der Heilp\u00e4dagogischen Hilfe Osnabr\u00fcck freie Referentin f\u00fcr Wahrnehmung, Bewegung, Gesundheits- und Selbstf\u00fcrsorge, Achtsamkeit Licensed Nia Blackbelt Teacher 0176 \u2013 206 75 709 Vita<\/p>\n","protected":false},"author":2,"featured_media":0,"parent":0,"menu_order":0,"comment_status":"closed","ping_status":"closed","template":"","meta":[],"_links":{"self":[{"href":"https:\/\/siebensinne.eu\/index.php?rest_route=\/wp\/v2\/pages\/2195"}],"collection":[{"href":"https:\/\/siebensinne.eu\/index.php?rest_route=\/wp\/v2\/pages"}],"about":[{"href":"https:\/\/siebensinne.eu\/index.php?rest_route=\/wp\/v2\/types\/page"}],"author":[{"embeddable":true,"href":"https:\/\/siebensinne.eu\/index.php?rest_route=\/wp\/v2\/users\/2"}],"replies":[{"embeddable":true,"href":"https:\/\/siebensinne.eu\/index.php?rest_route=%2Fwp%2Fv2%2Fcomments&post=2195"}],"version-history":[{"count":28,"href":"https:\/\/siebensinne.eu\/index.php?rest_route=\/wp\/v2\/pages\/2195\/revisions"}],"predecessor-version":[{"id":2612,"href":"https:\/\/siebensinne.eu\/index.php?rest_route=\/wp\/v2\/pages\/2195\/revisions\/2612"}],"wp:attachment":[{"href":"https:\/\/siebensinne.eu\/index.php?rest_route=%2Fwp%2Fv2%2Fmedia&parent=2195"}],"curies":[{"name":"wp","href":"https:\/\/api.w.org\/{rel}","templated":true}]}}